{"id":1225,"date":"2024-11-08T20:54:30","date_gmt":"2024-11-08T19:54:30","guid":{"rendered":"https:\/\/8gramcoffee.cz\/?page_id=1225"},"modified":"2024-11-30T15:11:15","modified_gmt":"2024-11-30T14:11:15","slug":"about","status":"publish","type":"page","link":"https:\/\/8gramcoffee.cz\/en\/about\/","title":{"rendered":"About us"},"content":{"rendered":"\n<div class=\"wp-block-columns alignfull is-layout-flex wp-container-core-columns-is-layout-675bd52d wp-block-columns-is-layout-flex\" style=\"padding-top:0;padding-right:0;padding-bottom:0;padding-left:0\">\n<div class=\"wp-block-column is-vertically-aligned-center is-layout-flow wp-container-core-column-is-layout-6910dee2 wp-block-column-is-layout-flow\" style=\"padding-top:0;padding-right:0;padding-bottom:0;padding-left:0;flex-basis:50%\">\n<div class=\"wp-block-group is-layout-flow wp-block-group-is-layout-flow\" style=\"padding-top:var(--wp--preset--spacing--70);padding-right:var(--wp--preset--spacing--50);padding-bottom:var(--wp--preset--spacing--70);padding-left:var(--wp--preset--spacing--50)\">\n<h2 class=\"wp-block-heading\" style=\"padding-right:0;padding-left:0;font-size:60px;line-height:1.2\">About us<\/h2>\n\n\n\n<div class=\"wp-block-group is-content-justification-left is-layout-constrained wp-container-core-group-is-layout-caf8c16d wp-block-group-is-layout-constrained\" style=\"padding-right:0;padding-left:0\">\n<p class=\"wp-block-paragraph\">Founded in 2024 in Prague, 8GRAM is a specialty coffee roastery inspired by the art and science of coffee roasting.<\/p>\n\n\n\n<p class=\"wp-block-paragraph\">At its heart, the name reflects the perfect balance: 8 grams is the ideal amount of coffee for crafting a single shot of espresso.<\/p>\n\n\n\n<p class=\"wp-block-paragraph\">But for 8GRAM, the number goes beyond mere measurement &#8211; it represents harmony, infinity and limitless possibilities in each cup.<\/p>\n<\/div>\n\n\n\n<div class=\"wp-block-buttons is-layout-flex wp-container-core-buttons-is-layout-b0be6a96 wp-block-buttons-is-layout-flex\" style=\"padding-top:var(--wp--preset--spacing--30);padding-bottom:var(--wp--preset--spacing--30)\">\n<div class=\"wp-block-button has-custom-font-size is-style-fill has-antonio-font-family has-medium-font-size\"><a class=\"wp-block-button__link wp-element-button\" href=\"\/shop\" style=\"border-style:none;border-width:0px;border-radius:5px;padding-top:var(--wp--preset--spacing--40);padding-right:3.7em;padding-bottom:var(--wp--preset--spacing--40);padding-left:3.7em\">SHOP COFFEE<\/a><\/div>\n<\/div>\n<\/div>\n<\/div>\n\n\n\n<div class=\"wp-block-column is-vertically-aligned-stretch is-layout-flow wp-container-core-column-is-layout-e15dd86e wp-block-column-is-layout-flow\" style=\"flex-basis:50%\">\n<figure class=\"wp-block-image aligncenter size-full\"><img decoding=\"async\" width=\"2500\" height=\"1557\" src=\"https:\/\/8gramcoffee.cz\/wp-content\/uploads\/2024\/11\/8gram-coffee-bean.jpg\" alt=\"\" class=\"wp-image-1414\" style=\"aspect-ratio:3\/4;object-fit:cover\" srcset=\"https:\/\/8gramcoffee.cz\/wp-content\/uploads\/2024\/11\/8gram-coffee-bean.jpg 2500w, https:\/\/8gramcoffee.cz\/wp-content\/uploads\/2024\/11\/8gram-coffee-bean-300x187.jpg 300w, https:\/\/8gramcoffee.cz\/wp-content\/uploads\/2024\/11\/8gram-coffee-bean-1024x638.jpg 1024w, https:\/\/8gramcoffee.cz\/wp-content\/uploads\/2024\/11\/8gram-coffee-bean-768x478.jpg 768w, https:\/\/8gramcoffee.cz\/wp-content\/uploads\/2024\/11\/8gram-coffee-bean-1536x957.jpg 1536w, https:\/\/8gramcoffee.cz\/wp-content\/uploads\/2024\/11\/8gram-coffee-bean-2048x1275.jpg 2048w, https:\/\/8gramcoffee.cz\/wp-content\/uploads\/2024\/11\/8gram-coffee-bean-600x374.jpg 600w\" sizes=\"(max-width: 2500px) 100vw, 2500px\" \/><\/figure>\n<\/div>\n<\/div>\n\n\n\n<div class=\"wp-block-group is-layout-constrained wp-block-group-is-layout-constrained\" style=\"padding-top:var(--wp--preset--spacing--20);padding-bottom:0\">\n<figure class=\"wp-block-image aligncenter size-full is-resized\" style=\"margin-top:var(--wp--preset--spacing--40);margin-bottom:var(--wp--preset--spacing--40)\"><img decoding=\"async\" width=\"11.344057\" height=\"30\" src=\"https:\/\/8gramcoffee.cz\/wp-content\/uploads\/2024\/11\/8gram-symbol1.svg\" alt=\"\" class=\"wp-image-1111\" style=\"width:33px;height:auto\"\/><\/figure>\n<\/div>\n\n\n\n<h1 class=\"wp-block-heading alignfull has-text-align-center bs-L1OrK\" id=\"contact\" style=\"padding-top:var(--wp--preset--spacing--40);padding-bottom:var(--wp--preset--spacing--40);font-size:61px;line-height:1.2;text-transform:uppercase\">Contact<\/h1>\n\n\n\n<p class=\"has-text-align-center wp-block-paragraph\"><a href=\"mailto:info@8gramcoffee.cz\" target=\"_blank\" rel=\"noreferrer noopener\">info@8gramcoffee.cz<\/a><br><a href=\"tel:00420723646710\" data-type=\"tel\" data-id=\"tel:00420723646710\">+420 723 646 710<\/a><\/p>\n\n\n\n<p class=\"has-text-align-center wp-block-paragraph\"><strong>OFFICE ADDRESS<\/strong><br>Temporary Madness s.r.o.<br>P\u0159\u00ed\u010dn\u00e1 1892\/4<br>110 00 Praha &#8211; Nov\u00e9 M\u011bsto<br>ID: 17196388<br>VAT ID: CZ17196388<br>We are VAT payers<\/p>\n\n\n\n<p class=\"has-text-align-center wp-block-paragraph\"><strong>ORDERS PICKUP (appointment only):<\/strong><br><a href=\"https:\/\/maps.app.goo.gl\/NhLg6hVmKrq4PpcL8\" target=\"_blank\" rel=\"noreferrer noopener\">Varhul\u00edkov\u00e9 16<br>170 00 Praha<\/a><br><br><a href=\"https:\/\/maps.app.goo.gl\/6QRUM2z1ASA6rNnr8\" target=\"_blank\" rel=\"noreferrer noopener\">He\u0159manova 7<br>170 00 Praha<\/a><br><br><a href=\"https:\/\/maps.app.goo.gl\/5oZfQbV3EvW1rXYk7\" target=\"_blank\" rel=\"noreferrer noopener\">N\u00e1rodn\u00ed 32 &#8211; Pal\u00e1c Chicago<br>110 00 Praha<\/a><\/p>\n","protected":false},"excerpt":{"rendered":"<p>About us Founded in 2024 in Prague, 8GRAM is a specialty coffee roastery inspired by the art and science of coffee roasting. At its heart, the name reflects the perfect balance: 8 grams is the ideal amount of coffee for crafting a single shot of espresso. But for 8GRAM, the number goes beyond mere measurement<\/p>\n","protected":false},"author":1,"featured_media":0,"parent":0,"menu_order":5,"comment_status":"closed","ping_status":"closed","template":"","meta":{"_crdt_document":"","footnotes":""},"class_list":["post-1225","page","type-page","status-publish","hentry"],"_links":{"self":[{"href":"https:\/\/8gramcoffee.cz\/en\/wp-json\/wp\/v2\/pages\/1225","targetHints":{"allow":["GET"]}}],"collection":[{"href":"https:\/\/8gramcoffee.cz\/en\/wp-json\/wp\/v2\/pages"}],"about":[{"href":"https:\/\/8gramcoffee.cz\/en\/wp-json\/wp\/v2\/types\/page"}],"author":[{"embeddable":true,"href":"https:\/\/8gramcoffee.cz\/en\/wp-json\/wp\/v2\/users\/1"}],"replies":[{"embeddable":true,"href":"https:\/\/8gramcoffee.cz\/en\/wp-json\/wp\/v2\/comments?post=1225"}],"version-history":[{"count":21,"href":"https:\/\/8gramcoffee.cz\/en\/wp-json\/wp\/v2\/pages\/1225\/revisions"}],"predecessor-version":[{"id":1952,"href":"https:\/\/8gramcoffee.cz\/en\/wp-json\/wp\/v2\/pages\/1225\/revisions\/1952"}],"wp:attachment":[{"href":"https:\/\/8gramcoffee.cz\/en\/wp-json\/wp\/v2\/media?parent=1225"}],"curies":[{"name":"wp","href":"https:\/\/api.w.org\/{rel}","templated":true}]}}